{"id":169,"date":"2023-03-17T01:09:18","date_gmt":"2023-03-17T01:09:18","guid":{"rendered":"https:\/\/dentalone.com.sv\/blog\/?page_id=169"},"modified":"2026-03-01T17:48:10","modified_gmt":"2026-03-01T17:48:10","slug":"blog","status":"publish","type":"page","link":"https:\/\/dentalone.com.sv\/blog\/","title":{"rendered":"Blog"},"content":{"rendered":"\t\t<div data-elementor-type=\"wp-page\" data-elementor-id=\"169\" class=\"elementor elementor-169\" data-elementor-post-type=\"page\">\n\t\t\t\t<div class=\"elementor-element elementor-element-4bb5658 e-flex e-con-boxed e-con e-parent\" data-id=\"4bb5658\" data-element_type=\"container\" data-e-type=\"container\">\n\t\t\t\t\t<div class=\"e-con-inner\">\n\t\t<div class=\"elementor-element elementor-element-03333a0 e-con-full e-flex e-con e-child\" data-id=\"03333a0\" data-element_type=\"container\" data-e-type=\"container\">\n\t\t\t\t<div class=\"elementor-element elementor-element-b6a6b2f elementor-grid-2 elementor-grid-tablet-2 elementor-grid-mobile-1 elementor-posts--thumbnail-top elementor-card-shadow-yes elementor-posts__hover-gradient elementor-widget elementor-widget-posts\" data-id=\"b6a6b2f\" data-element_type=\"widget\" data-e-type=\"widget\" data-settings=\"{&quot;cards_columns&quot;:&quot;2&quot;,&quot;cards_columns_tablet&quot;:&quot;2&quot;,&quot;cards_columns_mobile&quot;:&quot;1&quot;,&quot;cards_row_gap&quot;:{&quot;unit&quot;:&quot;px&quot;,&quot;size&quot;:35,&quot;sizes&quot;:[]},&quot;cards_row_gap_tablet&quot;:{&quot;unit&quot;:&quot;px&quot;,&quot;size&quot;:&quot;&quot;,&quot;sizes&quot;:[]},&quot;cards_row_gap_mobile&quot;:{&quot;unit&quot;:&quot;px&quot;,&quot;size&quot;:&quot;&quot;,&quot;sizes&quot;:[]}}\" data-widget_type=\"posts.cards\">\n\t\t\t\t<div class=\"elementor-widget-container\">\n\t\t\t\t\t\t\t<div class=\"elementor-posts-container elementor-posts elementor-posts--skin-cards elementor-grid\">\n\t\t\t\t<article class=\"elementor-post elementor-grid-item post-90 post type-post status-publish format-standard has-post-thumbnail hentry category-cordales category-extracciones category-implantes category-injertos\">\n\t\t\t<div class=\"elementor-post__card\">\n\t\t\t\t<a class=\"elementor-post__thumbnail__link\" href=\"https:\/\/dentalone.com.sv\/blog\/2022\/10\/19\/indicaciones-despues-de-la-cirugia\/\" tabindex=\"-1\" ><div class=\"elementor-post__thumbnail\"><img fetchpriority=\"high\" decoding=\"async\" width=\"300\" height=\"169\" src=\"https:\/\/i0.wp.com\/dentalone.com.sv\/blog\/wp-content\/uploads\/2022\/10\/as.webp?fit=300%2C169&amp;ssl=1\" class=\"attachment-medium size-medium wp-image-77\" alt=\"\" srcset=\"https:\/\/i0.wp.com\/dentalone.com.sv\/blog\/wp-content\/uploads\/2022\/10\/as.webp?w=1600&amp;ssl=1 1600w, https:\/\/i0.wp.com\/dentalone.com.sv\/blog\/wp-content\/uploads\/2022\/10\/as.webp?resize=300%2C169&amp;ssl=1 300w, https:\/\/i0.wp.com\/dentalone.com.sv\/blog\/wp-content\/uploads\/2022\/10\/as.webp?resize=1024%2C576&amp;ssl=1 1024w, https:\/\/i0.wp.com\/dentalone.com.sv\/blog\/wp-content\/uploads\/2022\/10\/as.webp?resize=768%2C432&amp;ssl=1 768w, https:\/\/i0.wp.com\/dentalone.com.sv\/blog\/wp-content\/uploads\/2022\/10\/as.webp?resize=1536%2C864&amp;ssl=1 1536w\" sizes=\"(max-width: 300px) 100vw, 300px\" \/><\/div><\/a>\n\t\t\t\t<div class=\"elementor-post__text\">\n\t\t\t\t<h3 class=\"elementor-post__title\">\n\t\t\t<a href=\"https:\/\/dentalone.com.sv\/blog\/2022\/10\/19\/indicaciones-despues-de-la-cirugia\/\" >\n\t\t\t\tINDICACIONES DESPU\u00c9S DE LA CIRUG\u00cdA\t\t\t<\/a>\n\t\t<\/h3>\n\t\t\t\t<div class=\"elementor-post__excerpt\">\n\t\t\t<p>Es normal presentar molestias, inflamaci\u00f3n y moretones despu\u00e9s de un procedimiento quir\u00fargico. Por ello es importante seguir las indicaciones del odont\u00f3logo para reducirlas al m\u00ednimo.<\/p>\n\t\t<\/div>\n\t\t\n\t\t<a class=\"elementor-post__read-more\" href=\"https:\/\/dentalone.com.sv\/blog\/2022\/10\/19\/indicaciones-despues-de-la-cirugia\/\" aria-label=\"Read more about INDICACIONES DESPU\u00c9S DE LA CIRUG\u00cdA\" tabindex=\"-1\" >\n\t\t\tLeer m\u00e1s \u00bb\t\t<\/a>\n\n\t\t\t\t<\/div>\n\t\t\t\t\t<\/div>\n\t\t<\/article>\n\t\t\t\t<article class=\"elementor-post elementor-grid-item post-47 post type-post status-publish format-standard has-post-thumbnail hentry category-implantes\">\n\t\t\t<div class=\"elementor-post__card\">\n\t\t\t\t<a class=\"elementor-post__thumbnail__link\" href=\"https:\/\/dentalone.com.sv\/blog\/2020\/10\/08\/mitos-de-los-implantes\/\" tabindex=\"-1\" ><div class=\"elementor-post__thumbnail\"><img decoding=\"async\" width=\"300\" height=\"200\" src=\"https:\/\/i0.wp.com\/dentalone.com.sv\/blog\/wp-content\/uploads\/2020\/10\/Implantes-dentales-Caracas-930x620-1.jpg?fit=300%2C200&amp;ssl=1\" class=\"attachment-medium size-medium wp-image-50\" alt=\"\" srcset=\"https:\/\/i0.wp.com\/dentalone.com.sv\/blog\/wp-content\/uploads\/2020\/10\/Implantes-dentales-Caracas-930x620-1.jpg?w=930&amp;ssl=1 930w, https:\/\/i0.wp.com\/dentalone.com.sv\/blog\/wp-content\/uploads\/2020\/10\/Implantes-dentales-Caracas-930x620-1.jpg?resize=300%2C200&amp;ssl=1 300w, https:\/\/i0.wp.com\/dentalone.com.sv\/blog\/wp-content\/uploads\/2020\/10\/Implantes-dentales-Caracas-930x620-1.jpg?resize=768%2C512&amp;ssl=1 768w\" sizes=\"(max-width: 300px) 100vw, 300px\" \/><\/div><\/a>\n\t\t\t\t<div class=\"elementor-post__text\">\n\t\t\t\t<h3 class=\"elementor-post__title\">\n\t\t\t<a href=\"https:\/\/dentalone.com.sv\/blog\/2020\/10\/08\/mitos-de-los-implantes\/\" >\n\t\t\t\tMitos sobre los implantes\t\t\t<\/a>\n\t\t<\/h3>\n\t\t\t\t<div class=\"elementor-post__excerpt\">\n\t\t\t<p>Existe mucha informaci\u00f3n equivocada acerca de los implantes dentales, por eso es importante que te asesores con un profesional que aclare todas tus dudas, aqu\u00ed<\/p>\n\t\t<\/div>\n\t\t\n\t\t<a class=\"elementor-post__read-more\" href=\"https:\/\/dentalone.com.sv\/blog\/2020\/10\/08\/mitos-de-los-implantes\/\" aria-label=\"Read more about Mitos sobre los implantes\" tabindex=\"-1\" >\n\t\t\tLeer m\u00e1s \u00bb\t\t<\/a>\n\n\t\t\t\t<\/div>\n\t\t\t\t\t<\/div>\n\t\t<\/article>\n\t\t\t\t<article class=\"elementor-post elementor-grid-item post-42 post type-post status-publish format-standard has-post-thumbnail hentry category-sin-categoria\">\n\t\t\t<div class=\"elementor-post__card\">\n\t\t\t\t<a class=\"elementor-post__thumbnail__link\" href=\"https:\/\/dentalone.com.sv\/blog\/2020\/10\/08\/perdi-mis-dientes-naturales-ahora-que-hago\/\" tabindex=\"-1\" ><div class=\"elementor-post__thumbnail\"><img decoding=\"async\" width=\"300\" height=\"168\" src=\"https:\/\/i0.wp.com\/dentalone.com.sv\/blog\/wp-content\/uploads\/2020\/10\/Dientes-perdidos.jpg?fit=300%2C168&amp;ssl=1\" class=\"attachment-medium size-medium wp-image-59\" alt=\"\" srcset=\"https:\/\/i0.wp.com\/dentalone.com.sv\/blog\/wp-content\/uploads\/2020\/10\/Dientes-perdidos.jpg?w=620&amp;ssl=1 620w, https:\/\/i0.wp.com\/dentalone.com.sv\/blog\/wp-content\/uploads\/2020\/10\/Dientes-perdidos.jpg?resize=300%2C168&amp;ssl=1 300w\" sizes=\"(max-width: 300px) 100vw, 300px\" \/><\/div><\/a>\n\t\t\t\t<div class=\"elementor-post__text\">\n\t\t\t\t<h3 class=\"elementor-post__title\">\n\t\t\t<a href=\"https:\/\/dentalone.com.sv\/blog\/2020\/10\/08\/perdi-mis-dientes-naturales-ahora-que-hago\/\" >\n\t\t\t\tPerd\u00ed mis dientes naturales \u00bfahora qu\u00e9 hago?\t\t\t<\/a>\n\t\t<\/h3>\n\t\t\t\t<div class=\"elementor-post__excerpt\">\n\t\t\t<p>Cuando hemos perdido nuestros dientes, la boca cambia de forma gradual, se comienzan a mover los dientes, desplaz\u00e1ndose al nuevo espacio, deformando poco a poco<\/p>\n\t\t<\/div>\n\t\t\n\t\t<a class=\"elementor-post__read-more\" href=\"https:\/\/dentalone.com.sv\/blog\/2020\/10\/08\/perdi-mis-dientes-naturales-ahora-que-hago\/\" aria-label=\"Read more about Perd\u00ed mis dientes naturales \u00bfahora qu\u00e9 hago?\" tabindex=\"-1\" >\n\t\t\tLeer m\u00e1s \u00bb\t\t<\/a>\n\n\t\t\t\t<\/div>\n\t\t\t\t\t<\/div>\n\t\t<\/article>\n\t\t\t\t<article class=\"elementor-post elementor-grid-item post-1 post type-post status-publish format-standard has-post-thumbnail hentry category-sin-categoria\">\n\t\t\t<div class=\"elementor-post__card\">\n\t\t\t\t<a class=\"elementor-post__thumbnail__link\" href=\"https:\/\/dentalone.com.sv\/blog\/2020\/10\/06\/no-te-sientes-comodo-al-sonreir\/\" tabindex=\"-1\" ><div class=\"elementor-post__thumbnail\"><img loading=\"lazy\" decoding=\"async\" width=\"300\" height=\"169\" src=\"https:\/\/i0.wp.com\/dentalone.com.sv\/blog\/wp-content\/uploads\/2020\/10\/429405908_1140x520.jpg?fit=300%2C169&amp;ssl=1\" class=\"attachment-medium size-medium wp-image-57\" alt=\"\" srcset=\"https:\/\/i0.wp.com\/dentalone.com.sv\/blog\/wp-content\/uploads\/2020\/10\/429405908_1140x520.jpg?w=924&amp;ssl=1 924w, https:\/\/i0.wp.com\/dentalone.com.sv\/blog\/wp-content\/uploads\/2020\/10\/429405908_1140x520.jpg?resize=300%2C169&amp;ssl=1 300w, https:\/\/i0.wp.com\/dentalone.com.sv\/blog\/wp-content\/uploads\/2020\/10\/429405908_1140x520.jpg?resize=768%2C432&amp;ssl=1 768w\" sizes=\"(max-width: 300px) 100vw, 300px\" \/><\/div><\/a>\n\t\t\t\t<div class=\"elementor-post__text\">\n\t\t\t\t<h3 class=\"elementor-post__title\">\n\t\t\t<a href=\"https:\/\/dentalone.com.sv\/blog\/2020\/10\/06\/no-te-sientes-comodo-al-sonreir\/\" >\n\t\t\t\t\u00bfNo te sientes c\u00f3modo al sonre\u00edr?\t\t\t<\/a>\n\t\t<\/h3>\n\t\t\t\t<div class=\"elementor-post__excerpt\">\n\t\t\t<p>Muchas cosas fundamentales en tu vida pueden afectarse al tener una sonrisa incompleta por la falta de uno o m\u00e1s dientes, desde: Sonre\u00edr libremente Alimentarte<\/p>\n\t\t<\/div>\n\t\t\n\t\t<a class=\"elementor-post__read-more\" href=\"https:\/\/dentalone.com.sv\/blog\/2020\/10\/06\/no-te-sientes-comodo-al-sonreir\/\" aria-label=\"Read more about \u00bfNo te sientes c\u00f3modo al sonre\u00edr?\" tabindex=\"-1\" >\n\t\t\tLeer m\u00e1s \u00bb\t\t<\/a>\n\n\t\t\t\t<\/div>\n\t\t\t\t\t<\/div>\n\t\t<\/article>\n\t\t\t\t<\/div>\n\t\t\n\t\t\t\t\t\t<\/div>\n\t\t\t\t<\/div>\n\t\t\t\t<\/div>\n\t\t<div class=\"elementor-element elementor-element-16a24eb e-con-full e-flex e-con e-child\" data-id=\"16a24eb\" data-element_type=\"container\" data-e-type=\"container\">\n\t\t\t\t<div class=\"elementor-element elementor-element-874e387 elementor-widget elementor-widget-sidebar\" data-id=\"874e387\" data-element_type=\"widget\" data-e-type=\"widget\" data-widget_type=\"sidebar.default\">\n\t\t\t\t<div class=\"elementor-widget-container\">\n\t\t\t\t\t<div id=\"search-2\" class=\"widget widget_search\"><form role=\"search\" method=\"get\" class=\"search-form\" action=\"https:\/\/dentalone.com.sv\/blog\/\">\n\t\t\t\t<label>\n\t\t\t\t\t<span class=\"screen-reader-text\">Buscar:<\/span>\n\t\t\t\t\t<input type=\"search\" class=\"search-field\" placeholder=\"Buscar &hellip;\" value=\"\" name=\"s\" \/>\n\t\t\t\t<\/label>\n\t\t\t\t<input type=\"submit\" class=\"search-submit\" value=\"Buscar\" \/>\n\t\t\t<\/form><\/div>\n\t\t<div id=\"recent-posts-2\" class=\"widget widget_recent_entries\">\n\t\t<h2 class=\"widget-title\">Entradas recientes<\/h2>\n\t\t<ul>\n\t\t\t\t\t\t\t\t\t\t\t<li>\n\t\t\t\t\t<a href=\"https:\/\/dentalone.com.sv\/blog\/2022\/10\/19\/indicaciones-despues-de-la-cirugia\/\">INDICACIONES DESPU\u00c9S DE LA CIRUG\u00cdA<\/a>\n\t\t\t\t\t\t\t\t\t<\/li>\n\t\t\t\t\t<\/ul>\n\n\t\t<\/div><div id=\"recent-comments-2\" class=\"widget widget_recent_comments\"><h2 class=\"widget-title\">Comentarios recientes<\/h2><ul id=\"recentcomments\"><li class=\"recentcomments\"><span class=\"comment-author-link\"><a href=\"https:\/\/wordpress.org\/\" class=\"url\" rel=\"ugc external nofollow\">A WordPress Commenter<\/a><\/span> en <a href=\"https:\/\/dentalone.com.sv\/blog\/2020\/10\/06\/no-te-sientes-comodo-al-sonreir\/#comment-1\">\u00bfNo te sientes c\u00f3modo al sonre\u00edr?<\/a><\/li><\/ul><\/div><div id=\"media_image-3\" class=\"widget widget_media_image\"><h2 class=\"widget-title\">Soluci\u00f3n inmediata a tus problemas dentales. Escribenos a:<\/h2><a href=\"https:\/\/api.whatsapp.com\/send?phone=50370576028&#038;text=Hola%20DentalOne%2C%20me%20interesan%20sus%20servicios%2C%20quisiera%20m%C3%A1s%20informaci%C3%B3n.\"><img loading=\"lazy\" decoding=\"async\" width=\"300\" height=\"47\" src=\"https:\/\/i0.wp.com\/dentalone.com.sv\/blog\/wp-content\/uploads\/2020\/10\/wpp.png?fit=300%2C47&amp;ssl=1\" class=\"image wp-image-8  attachment-full size-full\" alt=\"\" style=\"max-width: 100%; height: auto;\" \/><\/a><\/div>\t\t\t\t<\/div>\n\t\t\t\t<\/div>\n\t\t\t\t<\/div>\n\t\t\t\t\t<\/div>\n\t\t\t\t<\/div>\n\t\t<div class=\"elementor-element elementor-element-d5ef3b3 e-flex e-con-boxed e-con e-parent\" data-id=\"d5ef3b3\" data-element_type=\"container\" data-e-type=\"container\">\n\t\t\t\t\t<div class=\"e-con-inner\">\n\t\t\t\t<div class=\"elementor-element elementor-element-c9d0887 elementor-widget elementor-widget-html\" data-id=\"c9d0887\" data-element_type=\"widget\" data-e-type=\"widget\" data-widget_type=\"html.default\">\n\t\t\t\t<div class=\"elementor-widget-container\">\n\t\t\t\t\t<div id=\"soro-blog\"><\/div>\n<script>(function(){var s=document.createElement('script'),p=new URLSearchParams(window.location.search),u='https:\/\/app.trysoro.com\/api\/embed\/e079de04-dd45-44dd-96b7-e7c0f2d248c4';if(p.get('post'))u+='?post='+encodeURIComponent(p.get('post'));s.src=u;document.currentScript.after(s);})()<\/script>\t\t\t\t<\/div>\n\t\t\t\t<\/div>\n\t\t\t\t\t<\/div>\n\t\t\t\t<\/div>\n\t\t<div class=\"elementor-element elementor-element-5f2f450 e-flex e-con-boxed e-con e-parent\" data-id=\"5f2f450\" data-element_type=\"container\" data-e-type=\"container\">\n\t\t\t\t\t<div class=\"e-con-inner\">\n\t\t\t\t\t<\/div>\n\t\t\t\t<\/div>\n\t\t\t\t<\/div>\n\t\t","protected":false},"excerpt":{"rendered":"","protected":false},"author":1,"featured_media":0,"parent":0,"menu_order":0,"comment_status":"closed","ping_status":"closed","template":"elementor_header_footer","meta":{"nf_dc_page":"","footnotes":""},"class_list":["post-169","page","type-page","status-publish","hentry"],"jetpack_sharing_enabled":true,"_links":{"self":[{"href":"https:\/\/dentalone.com.sv\/blog\/wp-json\/wp\/v2\/pages\/169","targetHints":{"allow":["GET"]}}],"collection":[{"href":"https:\/\/dentalone.com.sv\/blog\/wp-json\/wp\/v2\/pages"}],"about":[{"href":"https:\/\/dentalone.com.sv\/blog\/wp-json\/wp\/v2\/types\/page"}],"author":[{"embeddable":true,"href":"https:\/\/dentalone.com.sv\/blog\/wp-json\/wp\/v2\/users\/1"}],"replies":[{"embeddable":true,"href":"https:\/\/dentalone.com.sv\/blog\/wp-json\/wp\/v2\/comments?post=169"}],"version-history":[{"count":5,"href":"https:\/\/dentalone.com.sv\/blog\/wp-json\/wp\/v2\/pages\/169\/revisions"}],"predecessor-version":[{"id":264,"href":"https:\/\/dentalone.com.sv\/blog\/wp-json\/wp\/v2\/pages\/169\/revisions\/264"}],"wp:attachment":[{"href":"https:\/\/dentalone.com.sv\/blog\/wp-json\/wp\/v2\/media?parent=169"}],"curies":[{"name":"wp","href":"https:\/\/api.w.org\/{rel}","templated":true}]}}